{"id":2,"date":"2021-02-06T18:56:09","date_gmt":"2021-02-06T18:56:09","guid":{"rendered":"http:\/\/capture.isr.ist.utl.pt\/?page_id=2"},"modified":"2023-12-29T12:36:24","modified_gmt":"2023-12-29T12:36:24","slug":"about","status":"publish","type":"page","link":"https:\/\/capture.isr.tecnico.ulisboa.pt\/pt\/","title":{"rendered":"About"},"content":{"rendered":"<h3>CAPTURE \u2013 shuttle drone for launch and capture in cooperative and non-cooperative scenarios<\/h3>\r\n<p><!-- \/wp:post-content --><\/p>\r\n<p><!-- wp:paragraph --><\/p>\r\n<p>This project aims to address several scientific and technological challenges towards the use of shuttle drones to perform launch and capture maneuvers of other vehicles or objects. A first scenario is considered where the shuttle drones cooperate with the vehicles to be launched or captured, either relaying information about their planned motion or actively synchronizing its motion to facilitate the maneuver. Addressing this scenario enables the design of specialized vehicles for a given task, for instance, having fixed-wing drones with long endurance, while enabling the vertical take-off and landing of these vehicles with shuttle drones. A second scenario involves the launch and capture of objects or other drones, that may not cooperate with the shuttle drones, either passive or actively. In this case, the shuttle drones may act as a security measure to remove drones or objects from restricted areas that may actively avoid being captured. Addressing these scenarios raises interesting scientific and technological challenges, including: optimal and cooperative planning of trajectories for a team of heterogeneous vehicles; cooperative, hybrid, and distributed control for critical rendezvous maneuvers; cooperative and distributed estimation of the motion of the shuttle drones, other vehicles, and the surrounding environment; as well as dealing with estimation, control and planning strategies based differential games for the non-cooperative scenario.<\/p>\r\n<p><!-- \/wp:paragraph --><\/p>\r\n<p><!-- wp:image {\"align\":\"center\",\"id\":13,\"sizeSlug\":\"large\",\"linkDestination\":\"none\"} --><\/p>\r\n<div class=\"wp-block-image\">\r\n<figure class=\"aligncenter size-large\"><img loading=\"lazy\" decoding=\"async\" width=\"864\" height=\"383\" class=\"wp-image-13\" src=\"http:\/\/capture.isr.ist.utl.pt\/wp-content\/uploads\/2021\/02\/Captrue_1.png\" alt=\"\" srcset=\"https:\/\/capture.isr.tecnico.ulisboa.pt\/wp-content\/uploads\/2021\/02\/Captrue_1.png 864w, https:\/\/capture.isr.tecnico.ulisboa.pt\/wp-content\/uploads\/2021\/02\/Captrue_1-300x133.png 300w, https:\/\/capture.isr.tecnico.ulisboa.pt\/wp-content\/uploads\/2021\/02\/Captrue_1-768x340.png 768w\" sizes=\"auto, (max-width: 864px) 100vw, 864px\" \/><\/figure>\r\n<\/div>\r\n<p><!-- \/wp:image --><\/p>\r\n<p><!-- wp:paragraph --><\/p>\r\n<p>Reference: PTDC\/EEI-AUT\/1732\/2020<\/p>\r\n<p><!-- \/wp:paragraph --><\/p>\r\n<p><!-- wp:paragraph --><\/p>\r\n<p>DOI: <a href=\"https:\/\/doi.org\/10.54499\/PTDC\/EEI-AUT\/1732\/2020\">https:\/\/doi.org\/10.54499\/PTDC\/EEI-AUT\/1732\/2020<\/a><\/p>\r\n<p><!-- \/wp:paragraph --><\/p>\r\n<p><!-- wp:paragraph --><\/p>\r\n<p>Funding: Funda\u00e7\u00e3o para a Ci\u00eancia e a Tecnologia (FCT), Portugal<\/p>\r\n<p><!-- \/wp:paragraph --><\/p>\r\n<p><!-- wp:image {\"align\":\"center\",\"id\":16,\"width\":291,\"height\":84,\"sizeSlug\":\"large\",\"linkDestination\":\"none\"} --><\/p>\r\n<div class=\"wp-block-image\">\r\n<figure class=\"aligncenter size-large is-resized\"><img loading=\"lazy\" decoding=\"async\" class=\"wp-image-16\" src=\"http:\/\/capture.isr.ist.utl.pt\/wp-content\/uploads\/2021\/02\/2017_FCT_H_cor.png\" alt=\"\" width=\"291\" height=\"84\" srcset=\"https:\/\/capture.isr.tecnico.ulisboa.pt\/wp-content\/uploads\/2021\/02\/2017_FCT_H_cor.png 596w, https:\/\/capture.isr.tecnico.ulisboa.pt\/wp-content\/uploads\/2021\/02\/2017_FCT_H_cor-300x87.png 300w\" sizes=\"auto, (max-width: 291px) 100vw, 291px\" \/><\/figure>\r\n<\/div>\r\n<p><!-- \/wp:image --><\/p>\r\n<p><!-- wp:tadv\/classic-paragraph --><\/p>\r\n<p><strong>Main contractor:<\/strong> <a href=\"https:\/\/welcome.isr.tecnico.ulisboa.pt\/\" target=\"_blank\" rel=\"noreferrer noopener\" data-type=\"URL\" data-id=\"https:\/\/welcome.isr.tecnico.ulisboa.pt\/\">Institute for Systems and Robotics \u2013 Lisbon (ISR)<\/a>, LARSYS, Associa\u00e7\u00e3o do Instituto Superior T\u00e9cnico para a Investiga\u00e7\u00e3o e o Desenvolvimento (IST-ID).<\/p>\r\n<p><strong>Participating Institutions:<\/strong><\/p>\r\n<ul id=\"block-324c22d1-994c-4b74-9da4-0b8d18187f00\" class=\"block-editor-rich-text__editable block-editor-block-list__block wp-block is-selected is-hovered rich-text\" tabindex=\"0\" role=\"group\" contenteditable=\"true\" aria-multiline=\"true\" aria-label=\"Block: List\" data-block=\"324c22d1-994c-4b74-9da4-0b8d18187f00\" data-type=\"core\/list\" data-title=\"List\">\r\n<li><a href=\"https:\/\/cts.uninova.pt\/\">CTS-UNINOVA<\/a>, NOVA School of Science and Technology;<\/li>\r\n<li><a href=\"https:\/\/www.idmec.tecnico.ulisboa.pt\/\">Mechanical Engineering Institute (IDMEC)<\/a>, LAETA.<\/li>\r\n<\/ul>\r\n<p><strong>Aerospace Industry partner:<\/strong> <a href=\"http:\/\/www.spinworks.pt\/\">Spin.works<\/a><\/p>\r\n<p><!-- \/wp:tadv\/classic-paragraph --><\/p>\r\n<p><!-- wp:tadv\/classic-paragraph --><\/p>\r\n<p><img loading=\"lazy\" decoding=\"async\" class=\"alignnone  wp-image-18\" src=\"http:\/\/capture.isr.ist.utl.pt\/wp-content\/uploads\/2021\/02\/logo_color_30001.png\" alt=\"\" width=\"197\" height=\"61\" \/>\u00a0 \u00a0 <img loading=\"lazy\" decoding=\"async\" class=\"alignnone  wp-image-19\" src=\"http:\/\/capture.isr.ist.utl.pt\/wp-content\/uploads\/2021\/02\/main-logo-blue-300x116.png\" alt=\"\" width=\"132\" height=\"51\" srcset=\"https:\/\/capture.isr.tecnico.ulisboa.pt\/wp-content\/uploads\/2021\/02\/main-logo-blue-300x116.png 300w, https:\/\/capture.isr.tecnico.ulisboa.pt\/wp-content\/uploads\/2021\/02\/main-logo-blue-1024x396.png 1024w, https:\/\/capture.isr.tecnico.ulisboa.pt\/wp-content\/uploads\/2021\/02\/main-logo-blue-768x297.png 768w, https:\/\/capture.isr.tecnico.ulisboa.pt\/wp-content\/uploads\/2021\/02\/main-logo-blue-1536x594.png 1536w, https:\/\/capture.isr.tecnico.ulisboa.pt\/wp-content\/uploads\/2021\/02\/main-logo-blue.png 2000w\" sizes=\"auto, (max-width: 132px) 100vw, 132px\" \/>\u00a0 \u00a0 \u00a0<img loading=\"lazy\" decoding=\"async\" class=\"alignnone  wp-image-17\" src=\"http:\/\/capture.isr.ist.utl.pt\/wp-content\/uploads\/2021\/02\/IST_A_RGB_Pos_crop-300x143.png\" alt=\"\" width=\"130\" height=\"62\" srcset=\"https:\/\/capture.isr.tecnico.ulisboa.pt\/wp-content\/uploads\/2021\/02\/IST_A_RGB_Pos_crop-300x143.png 300w, https:\/\/capture.isr.tecnico.ulisboa.pt\/wp-content\/uploads\/2021\/02\/IST_A_RGB_Pos_crop-1024x488.png 1024w, https:\/\/capture.isr.tecnico.ulisboa.pt\/wp-content\/uploads\/2021\/02\/IST_A_RGB_Pos_crop-768x366.png 768w, https:\/\/capture.isr.tecnico.ulisboa.pt\/wp-content\/uploads\/2021\/02\/IST_A_RGB_Pos_crop-1536x732.png 1536w, https:\/\/capture.isr.tecnico.ulisboa.pt\/wp-content\/uploads\/2021\/02\/IST_A_RGB_Pos_crop-2048x976.png 2048w\" sizes=\"auto, (max-width: 130px) 100vw, 130px\" \/><\/p>\r\n<p><img loading=\"lazy\" decoding=\"async\" class=\"alignnone  wp-image-21\" src=\"http:\/\/capture.isr.ist.utl.pt\/wp-content\/uploads\/2021\/02\/COR-300x128.png\" alt=\"\" width=\"150\" height=\"64\" srcset=\"https:\/\/capture.isr.tecnico.ulisboa.pt\/wp-content\/uploads\/2021\/02\/COR-300x128.png 300w, https:\/\/capture.isr.tecnico.ulisboa.pt\/wp-content\/uploads\/2021\/02\/COR.png 470w\" sizes=\"auto, (max-width: 150px) 100vw, 150px\" \/><img loading=\"lazy\" decoding=\"async\" class=\"alignnone  wp-image-20\" src=\"http:\/\/capture.isr.ist.utl.pt\/wp-content\/uploads\/2021\/02\/NovaSST_emblemaUNL-300x103.png\" alt=\"\" width=\"196\" height=\"67\" srcset=\"https:\/\/capture.isr.tecnico.ulisboa.pt\/wp-content\/uploads\/2021\/02\/NovaSST_emblemaUNL-300x103.png 300w, https:\/\/capture.isr.tecnico.ulisboa.pt\/wp-content\/uploads\/2021\/02\/NovaSST_emblemaUNL-1024x352.png 1024w, https:\/\/capture.isr.tecnico.ulisboa.pt\/wp-content\/uploads\/2021\/02\/NovaSST_emblemaUNL-768x264.png 768w, https:\/\/capture.isr.tecnico.ulisboa.pt\/wp-content\/uploads\/2021\/02\/NovaSST_emblemaUNL-1536x528.png 1536w, https:\/\/capture.isr.tecnico.ulisboa.pt\/wp-content\/uploads\/2021\/02\/NovaSST_emblemaUNL.png 1954w\" sizes=\"auto, (max-width: 196px) 100vw, 196px\" \/><\/p>\r\n<p><img loading=\"lazy\" decoding=\"async\" class=\"alignnone wp-image-22 size-full\" src=\"http:\/\/capture.isr.ist.utl.pt\/wp-content\/uploads\/2021\/02\/spinworks_2-e1612895539527.png\" alt=\"\" width=\"203\" height=\"90\" \/><\/p>\r\n<p>&nbsp;<\/p>\r\n<p><!-- \/wp:tadv\/classic-paragraph --><\/p>","protected":false},"excerpt":{"rendered":"<p>CAPTURE \u2013 shuttle drone for launch and capture in cooperative and non-cooperative scenarios This project aims to address several scientific and technological challenges towards the use of shuttle drones to perform launch and capture maneuvers of other vehicles or objects. A first scenario is considered where the shuttle drones cooperate with the vehicles to be &#8230; <a title=\"About\" class=\"read-more\" href=\"https:\/\/capture.isr.tecnico.ulisboa.pt\/pt\/\" aria-label=\"More on About\">Read more<\/a><\/p>\n","protected":false},"author":1,"featured_media":0,"parent":0,"menu_order":0,"comment_status":"closed","ping_status":"open","template":"","meta":{"footnotes":""},"class_list":["post-2","page","type-page","status-publish"],"translation":{"provider":"WPGlobus","version":"3.0.2","language":"pt","enabled_languages":["en","pt"],"languages":{"en":{"title":true,"content":true,"excerpt":false},"pt":{"title":false,"content":false,"excerpt":false}}},"_links":{"self":[{"href":"https:\/\/capture.isr.tecnico.ulisboa.pt\/pt\/wp-json\/wp\/v2\/pages\/2","targetHints":{"allow":["GET"]}}],"collection":[{"href":"https:\/\/capture.isr.tecnico.ulisboa.pt\/pt\/wp-json\/wp\/v2\/pages"}],"about":[{"href":"https:\/\/capture.isr.tecnico.ulisboa.pt\/pt\/wp-json\/wp\/v2\/types\/page"}],"author":[{"embeddable":true,"href":"https:\/\/capture.isr.tecnico.ulisboa.pt\/pt\/wp-json\/wp\/v2\/users\/1"}],"replies":[{"embeddable":true,"href":"https:\/\/capture.isr.tecnico.ulisboa.pt\/pt\/wp-json\/wp\/v2\/comments?post=2"}],"version-history":[{"count":5,"href":"https:\/\/capture.isr.tecnico.ulisboa.pt\/pt\/wp-json\/wp\/v2\/pages\/2\/revisions"}],"predecessor-version":[{"id":177,"href":"https:\/\/capture.isr.tecnico.ulisboa.pt\/pt\/wp-json\/wp\/v2\/pages\/2\/revisions\/177"}],"wp:attachment":[{"href":"https:\/\/capture.isr.tecnico.ulisboa.pt\/pt\/wp-json\/wp\/v2\/media?parent=2"}],"curies":[{"name":"wp","href":"https:\/\/api.w.org\/{rel}","templated":true}]}}